{"id":307,"date":"2018-09-10T20:08:24","date_gmt":"2018-09-10T20:08:24","guid":{"rendered":"https:\/\/smkbinstallations.com\/wordpress\/?page_id=307"},"modified":"2020-01-27T15:51:39","modified_gmt":"2020-01-27T15:51:39","slug":"accueil","status":"publish","type":"page","link":"https:\/\/www.eventlaborworks.com\/fr\/accueil\/","title":{"rendered":"Event Labor Works"},"content":{"rendered":"<section class=\"wpb-content-wrapper\">[vc_row fullwidth=\u00a0\u00bbtrue\u00a0\u00bb][vc_column][mk_revslider id=\u00a0\u00bbhome\u00a0\u00bb][mk_padding_divider][\/vc_column][\/vc_row][vc_row][vc_column width=\u00a0\u00bb1\/12&Prime;][\/vc_column][vc_column width=\u00a0\u00bb10\/12&Prime;][vc_column_text css=\u00a0\u00bb.vc_custom_1537372029561{margin-bottom: 0px !important;}\u00a0\u00bb]\n<h3 style=\"text-align: center; margin-bottom: 25px;\">Event Labor Works sait que votre entreprise est importante pour vous. C\u2019est pourquoi nos \u00e9quipes itin\u00e9rantes d\u2019installateurs de tentes et de professionnels de l\u2019\u00e9v\u00e9nement sont l\u00e0 pour vous aider \u00e0 compl\u00e9ter tout travail, grand ou petit, \u00e0 temps.<\/h3>\n<p>Fond\u00e9e en 1990, Event Labor Works offre des solutions de main-d\u2019\u0153uvre qualifi\u00e9es et g\u00e9n\u00e9rales, sp\u00e9cialis\u00e9es dans l\u2019installation de tentes, \u00e0 travers le Canada, dont Montr\u00e9al, Ottawa, Toronto et Vancouver. Nous pouvons nous joindre \u00e0 vos \u00e9quipes ou prendre charge de votre projet, grand ou petit, \u00e0 court ou \u00e0 long terme.<\/p>\n<p>Nos chefs de projet et nos \u00e9quipes mobiles d\u2019installateurs ont de l\u2019exp\u00e9rience avec les grands \u00e9v\u00e9nements sportifs, les grandes tentes, les salons professionnels, les expositions VIP, les kiosques \u00e9ph\u00e9m\u00e8res, les galas de mode, les festivals de musique, le marketing exp\u00e9rientiel, les \u00e9v\u00e9nements corporatifs, les planchers et plateformes temporaires et le secours en situation de catastrophe.<\/p>\n<p>Notre \u00e9quipe d\u00e9vou\u00e9e peut installer des tentes et des chapiteaux de tous les genres et de toutes tailles: structures autoportantes, structures temporaires, tentes \u00e0 poteaux, tentes \u00e0 grand chapiteau, tentes expansibles, tentes g\u00e9od\u00e9siques et m\u00eame des tentes et des structures sur mesure.[\/vc_column_text][vc_separator css=\u00a0\u00bb.vc_custom_1533824397796{padding-top: 30px !important;padding-bottom: 10px !important;}\u00a0\u00bb][\/vc_column][vc_column width=\u00a0\u00bb1\/12&Prime;][\/vc_column][\/vc_row][vc_row][vc_column visibility=\u00a0\u00bbhidden-sm\u00a0\u00bb width=\u00a0\u00bb1\/12&Prime;][\/vc_column][vc_column width=\u00a0\u00bb10\/12&Prime;][mk_fancy_title tag_name=\u00a0\u00bbh4&Prime; color=\u00a0\u00bb#222222&Prime; size=\u00a0\u00bb28&Prime; font_weight=\u00a0\u00bb900&Prime; margin_bottom=\u00a0\u00bb5&Prime; font_family=\u00a0\u00bbnone\u00a0\u00bb align=\u00a0\u00bbcenter\u00a0\u00bb]Comment pouvons-nous vous aider?[\/mk_fancy_title][vc_column_text css=\u00a0\u00bb.vc_custom_1536610092378{margin-bottom: 0px !important;}\u00a0\u00bb]\n<p style=\"text-align: center;\">Vous avez besoin d\u2019une main-d\u2019\u0153uvre qualifi\u00e9e ou g\u00e9n\u00e9rale pour votre \u00e9v\u00e9nement? Event Labor Works est l\u00e0 pour vous aider. Parlez-nous de votre \u00e9v\u00e9nement et de vos besoins, un de nos chefs de projet vous r\u00e9pondra.<\/p>\n[\/vc_column_text]\n<div class=\"wpcf7 no-js\" id=\"wpcf7-f311-o1\" lang=\"en-US\" dir=\"ltr\">\n<div class=\"screen-reader-response\"><p role=\"status\" aria-live=\"polite\" aria-atomic=\"true\"><\/p> <ul><\/ul><\/div>\n<form action=\"\/fr\/wp-json\/wp\/v2\/pages\/307#wpcf7-f311-o1\" method=\"post\" class=\"wpcf7-form init\" aria-label=\"Contact form\" novalidate=\"novalidate\" data-status=\"init\">\n<div style=\"display: none;\">\n<input type=\"hidden\" name=\"_wpcf7\" value=\"311\" \/>\n<input type=\"hidden\" name=\"_wpcf7_version\" value=\"5.7.6\" \/>\n<input type=\"hidden\" name=\"_wpcf7_locale\" value=\"en_US\" \/>\n<input type=\"hidden\" name=\"_wpcf7_unit_tag\" value=\"wpcf7-f311-o1\" \/>\n<input type=\"hidden\" name=\"_wpcf7_container_post\" value=\"0\" \/>\n<input type=\"hidden\" name=\"_wpcf7_posted_data_hash\" value=\"\" \/>\n<input type=\"hidden\" name=\"_wpcf7_recaptcha_response\" value=\"\" \/>\n<\/div>\n<p>&nbsp;\n<\/p>\n<p class=\"one-half\"><br \/>\nVotre nom* :<br \/>\n<span class=\"wpcf7-form-control-wrap\" data-name=\"full-name\"><input size=\"40\" class=\"wpcf7-form-control wpcf7-text wpcf7-validates-as-required\" aria-required=\"true\" aria-invalid=\"false\" placeholder=\"Votre nom\" value=\"\" type=\"text\" name=\"full-name\" \/><\/span>\n<\/p>\n<p class=\"one-half last\"><br \/>\nVotre courriel* :<br \/>\n<span class=\"wpcf7-form-control-wrap\" data-name=\"email-address\"><input size=\"40\" class=\"wpcf7-form-control wpcf7-text wpcf7-email wpcf7-validates-as-required wpcf7-validates-as-email\" aria-required=\"true\" aria-invalid=\"false\" placeholder=\"Votre courriel\" value=\"\" type=\"email\" name=\"email-address\" \/><\/span>\n<\/p>\n<p>Parlez-nous de votre projet* :<br \/>\n<span class=\"wpcf7-form-control-wrap\" data-name=\"message\"><textarea cols=\"40\" rows=\"3\" class=\"wpcf7-form-control wpcf7-textarea wpcf7-validates-as-required\" aria-required=\"true\" aria-invalid=\"false\" placeholder=\"Parlez-nous de votre projet\" name=\"message\"><\/textarea><\/span>\n<\/p>\n<span class=\"wpcf7-form-control-wrap recaptcha\" data-name=\"recaptcha\"><span data-sitekey=\"6LcnndMUAAAAAGNbGGE2BXs2VD14E2qrFekfcEBV\" class=\"wpcf7-form-control g-recaptcha wpcf7-recaptcha\"><\/span>\r\n<noscript>\r\n\t<div class=\"grecaptcha-noscript\">\r\n\t\t<iframe src=\"https:\/\/www.google.com\/recaptcha\/api\/fallback?k=6LcnndMUAAAAAGNbGGE2BXs2VD14E2qrFekfcEBV\" frameborder=\"0\" scrolling=\"no\" width=\"310\" height=\"430\">\r\n\t\t<\/iframe>\r\n\t\t<textarea name=\"g-recaptcha-response\" rows=\"3\" cols=\"40\" placeholder=\"reCaptcha Response Here\">\r\n\t\t<\/textarea>\r\n\t<\/div>\r\n<\/noscript>\r\n<\/span>\n<p><input class=\"wpcf7-form-control has-spinner wpcf7-submit\" type=\"submit\" value=\"SOUMETTRE \u00bb\" \/>\n<\/p><p style=\"display: none !important;\"><label>&#916;<textarea name=\"_wpcf7_ak_hp_textarea\" cols=\"45\" rows=\"8\" maxlength=\"100\"><\/textarea><\/label><input type=\"hidden\" id=\"ak_js_1\" name=\"_wpcf7_ak_js\" value=\"194\"\/><script>document.getElementById( \"ak_js_1\" ).setAttribute( \"value\", ( new Date() ).getTime() );<\/script><\/p><div class=\"wpcf7-response-output\" aria-hidden=\"true\"><\/div>\n<\/form>\n<\/div>\n[mk_padding_divider size=\u00a0\u00bb15&Prime;][\/vc_column][vc_column visibility=\u00a0\u00bbhidden-sm\u00a0\u00bb width=\u00a0\u00bb1\/12&Prime;][\/vc_column][\/vc_row]\n<\/section>","protected":false},"excerpt":{"rendered":"<p>[vc_row fullwidth=\u00a0\u00bbtrue\u00a0\u00bb][vc_column][mk_revslider id=\u00a0\u00bbhome\u00a0\u00bb][mk_padding_divider][\/vc_column][\/vc_row][vc_row][vc_column width=\u00a0\u00bb1\/12&Prime;][\/vc_column][vc_column width=\u00a0\u00bb10\/12&Prime;][vc_column_text css=\u00a0\u00bb.vc_custom_1537372029561{margin-bottom: 0px !important;}\u00a0\u00bb] Event Labor Works sait que votre entreprise est importante pour vous. C\u2019est pourquoi nos \u00e9quipes itin\u00e9rantes d\u2019installateurs de tentes et de professionnels de l\u2019\u00e9v\u00e9nement sont l\u00e0 pour vous aider \u00e0 compl\u00e9ter tout travail, grand ou petit, \u00e0 temps. Fond\u00e9e en 1990, Event Labor Works offre des solutions [&hellip;]<\/p>\n","protected":false},"author":1,"featured_media":0,"parent":0,"menu_order":0,"comment_status":"closed","ping_status":"closed","template":"","meta":[],"yoast_head":"<!-- This site is optimized with the Yoast SEO plugin v20.5 - https:\/\/yoast.com\/wordpress\/plugins\/seo\/ -->\n<title>Event Labor Works - Event Labor Works<\/title>\n<meta name=\"robots\" content=\"index, follow, max-snippet:-1, max-image-preview:large, max-video-preview:-1\" \/>\n<link rel=\"canonical\" href=\"https:\/\/www.eventlaborworks.com\/fr\/accueil\/\" \/>\n<meta property=\"og:locale\" content=\"fr_FR\" \/>\n<meta property=\"og:type\" content=\"article\" \/>\n<meta property=\"og:title\" content=\"Event Labor Works - Event Labor Works\" \/>\n<meta property=\"og:description\" content=\"[vc_row fullwidth=\u00a0\u00bbtrue\u00a0\u00bb][vc_column][mk_revslider id=\u00a0\u00bbhome\u00a0\u00bb][mk_padding_divider][\/vc_column][\/vc_row][vc_row][vc_column width=\u00a0\u00bb1\/12&Prime;][\/vc_column][vc_column width=\u00a0\u00bb10\/12&Prime;][vc_column_text css=\u00a0\u00bb.vc_custom_1537372029561{margin-bottom: 0px !important;}\u00a0\u00bb] Event Labor Works sait que votre entreprise est importante pour vous. C\u2019est pourquoi nos \u00e9quipes itin\u00e9rantes d\u2019installateurs de tentes et de professionnels de l\u2019\u00e9v\u00e9nement sont l\u00e0 pour vous aider \u00e0 compl\u00e9ter tout travail, grand ou petit, \u00e0 temps. Fond\u00e9e en 1990, Event Labor Works offre des solutions [&hellip;]\" \/>\n<meta property=\"og:url\" content=\"https:\/\/www.eventlaborworks.com\/fr\/accueil\/\" \/>\n<meta property=\"og:site_name\" content=\"Event Labor Works\" \/>\n<meta property=\"article:modified_time\" content=\"2020-01-27T15:51:39+00:00\" \/>\n<meta name=\"twitter:card\" content=\"summary_large_image\" \/>\n<meta name=\"twitter:label1\" content=\"Dur\u00e9e de lecture estim\u00e9e\" \/>\n\t<meta name=\"twitter:data1\" content=\"2 minutes\" \/>\n<script type=\"application\/ld+json\" class=\"yoast-schema-graph\">{\"@context\":\"https:\/\/schema.org\",\"@graph\":[{\"@type\":\"WebPage\",\"@id\":\"https:\/\/www.eventlaborworks.com\/fr\/accueil\/\",\"url\":\"https:\/\/www.eventlaborworks.com\/fr\/accueil\/\",\"name\":\"Event Labor Works - Event Labor Works\",\"isPartOf\":{\"@id\":\"https:\/\/www.eventlaborworks.com\/#website\"},\"datePublished\":\"2018-09-10T20:08:24+00:00\",\"dateModified\":\"2020-01-27T15:51:39+00:00\",\"breadcrumb\":{\"@id\":\"https:\/\/www.eventlaborworks.com\/fr\/accueil\/#breadcrumb\"},\"inLanguage\":\"fr-FR\",\"potentialAction\":[{\"@type\":\"ReadAction\",\"target\":[\"https:\/\/www.eventlaborworks.com\/fr\/accueil\/\"]}]},{\"@type\":\"BreadcrumbList\",\"@id\":\"https:\/\/www.eventlaborworks.com\/fr\/accueil\/#breadcrumb\",\"itemListElement\":[{\"@type\":\"ListItem\",\"position\":1,\"name\":\"Home\",\"item\":\"https:\/\/www.eventlaborworks.com\/\"},{\"@type\":\"ListItem\",\"position\":2,\"name\":\"Event Labor Works\"}]},{\"@type\":\"WebSite\",\"@id\":\"https:\/\/www.eventlaborworks.com\/#website\",\"url\":\"https:\/\/www.eventlaborworks.com\/\",\"name\":\"Event Labor Works\",\"description\":\"Labor and Event Staffing\",\"publisher\":{\"@id\":\"https:\/\/www.eventlaborworks.com\/#organization\"},\"potentialAction\":[{\"@type\":\"SearchAction\",\"target\":{\"@type\":\"EntryPoint\",\"urlTemplate\":\"https:\/\/www.eventlaborworks.com\/?s={search_term_string}\"},\"query-input\":\"required name=search_term_string\"}],\"inLanguage\":\"fr-FR\"},{\"@type\":\"Organization\",\"@id\":\"https:\/\/www.eventlaborworks.com\/#organization\",\"name\":\"Event Labor Works\",\"url\":\"https:\/\/www.eventlaborworks.com\/\",\"logo\":{\"@type\":\"ImageObject\",\"inLanguage\":\"fr-FR\",\"@id\":\"https:\/\/www.eventlaborworks.com\/#\/schema\/logo\/image\/\",\"url\":\"https:\/\/www.eventlaborworks.com\/wp-content\/uploads\/2018\/07\/logo.png\",\"contentUrl\":\"https:\/\/www.eventlaborworks.com\/wp-content\/uploads\/2018\/07\/logo.png\",\"width\":375,\"height\":150,\"caption\":\"Event Labor Works\"},\"image\":{\"@id\":\"https:\/\/www.eventlaborworks.com\/#\/schema\/logo\/image\/\"}}]}<\/script>\n<!-- \/ Yoast SEO plugin. -->","yoast_head_json":{"title":"Event Labor Works - Event Labor Works","robots":{"index":"index","follow":"follow","max-snippet":"max-snippet:-1","max-image-preview":"max-image-preview:large","max-video-preview":"max-video-preview:-1"},"canonical":"https:\/\/www.eventlaborworks.com\/fr\/accueil\/","og_locale":"fr_FR","og_type":"article","og_title":"Event Labor Works - Event Labor Works","og_description":"[vc_row fullwidth=\u00a0\u00bbtrue\u00a0\u00bb][vc_column][mk_revslider id=\u00a0\u00bbhome\u00a0\u00bb][mk_padding_divider][\/vc_column][\/vc_row][vc_row][vc_column width=\u00a0\u00bb1\/12&Prime;][\/vc_column][vc_column width=\u00a0\u00bb10\/12&Prime;][vc_column_text css=\u00a0\u00bb.vc_custom_1537372029561{margin-bottom: 0px !important;}\u00a0\u00bb] Event Labor Works sait que votre entreprise est importante pour vous. C\u2019est pourquoi nos \u00e9quipes itin\u00e9rantes d\u2019installateurs de tentes et de professionnels de l\u2019\u00e9v\u00e9nement sont l\u00e0 pour vous aider \u00e0 compl\u00e9ter tout travail, grand ou petit, \u00e0 temps. Fond\u00e9e en 1990, Event Labor Works offre des solutions [&hellip;]","og_url":"https:\/\/www.eventlaborworks.com\/fr\/accueil\/","og_site_name":"Event Labor Works","article_modified_time":"2020-01-27T15:51:39+00:00","twitter_card":"summary_large_image","twitter_misc":{"Dur\u00e9e de lecture estim\u00e9e":"2 minutes"},"schema":{"@context":"https:\/\/schema.org","@graph":[{"@type":"WebPage","@id":"https:\/\/www.eventlaborworks.com\/fr\/accueil\/","url":"https:\/\/www.eventlaborworks.com\/fr\/accueil\/","name":"Event Labor Works - Event Labor Works","isPartOf":{"@id":"https:\/\/www.eventlaborworks.com\/#website"},"datePublished":"2018-09-10T20:08:24+00:00","dateModified":"2020-01-27T15:51:39+00:00","breadcrumb":{"@id":"https:\/\/www.eventlaborworks.com\/fr\/accueil\/#breadcrumb"},"inLanguage":"fr-FR","potentialAction":[{"@type":"ReadAction","target":["https:\/\/www.eventlaborworks.com\/fr\/accueil\/"]}]},{"@type":"BreadcrumbList","@id":"https:\/\/www.eventlaborworks.com\/fr\/accueil\/#breadcrumb","itemListElement":[{"@type":"ListItem","position":1,"name":"Home","item":"https:\/\/www.eventlaborworks.com\/"},{"@type":"ListItem","position":2,"name":"Event Labor Works"}]},{"@type":"WebSite","@id":"https:\/\/www.eventlaborworks.com\/#website","url":"https:\/\/www.eventlaborworks.com\/","name":"Event Labor Works","description":"Labor and Event Staffing","publisher":{"@id":"https:\/\/www.eventlaborworks.com\/#organization"},"potentialAction":[{"@type":"SearchAction","target":{"@type":"EntryPoint","urlTemplate":"https:\/\/www.eventlaborworks.com\/?s={search_term_string}"},"query-input":"required name=search_term_string"}],"inLanguage":"fr-FR"},{"@type":"Organization","@id":"https:\/\/www.eventlaborworks.com\/#organization","name":"Event Labor Works","url":"https:\/\/www.eventlaborworks.com\/","logo":{"@type":"ImageObject","inLanguage":"fr-FR","@id":"https:\/\/www.eventlaborworks.com\/#\/schema\/logo\/image\/","url":"https:\/\/www.eventlaborworks.com\/wp-content\/uploads\/2018\/07\/logo.png","contentUrl":"https:\/\/www.eventlaborworks.com\/wp-content\/uploads\/2018\/07\/logo.png","width":375,"height":150,"caption":"Event Labor Works"},"image":{"@id":"https:\/\/www.eventlaborworks.com\/#\/schema\/logo\/image\/"}}]}},"_links":{"self":[{"href":"https:\/\/www.eventlaborworks.com\/fr\/wp-json\/wp\/v2\/pages\/307"}],"collection":[{"href":"https:\/\/www.eventlaborworks.com\/fr\/wp-json\/wp\/v2\/pages"}],"about":[{"href":"https:\/\/www.eventlaborworks.com\/fr\/wp-json\/wp\/v2\/types\/page"}],"author":[{"embeddable":true,"href":"https:\/\/www.eventlaborworks.com\/fr\/wp-json\/wp\/v2\/users\/1"}],"replies":[{"embeddable":true,"href":"https:\/\/www.eventlaborworks.com\/fr\/wp-json\/wp\/v2\/comments?post=307"}],"version-history":[{"count":10,"href":"https:\/\/www.eventlaborworks.com\/fr\/wp-json\/wp\/v2\/pages\/307\/revisions"}],"predecessor-version":[{"id":355,"href":"https:\/\/www.eventlaborworks.com\/fr\/wp-json\/wp\/v2\/pages\/307\/revisions\/355"}],"wp:attachment":[{"href":"https:\/\/www.eventlaborworks.com\/fr\/wp-json\/wp\/v2\/media?parent=307"}],"curies":[{"name":"wp","href":"https:\/\/api.w.org\/{rel}","templated":true}]}}