{"id":317,"date":"2018-09-10T20:14:59","date_gmt":"2018-09-10T20:14:59","guid":{"rendered":"https:\/\/smkbinstallations.com\/wordpress\/?page_id=317"},"modified":"2020-01-27T16:00:29","modified_gmt":"2020-01-27T16:00:29","slug":"services","status":"publish","type":"page","link":"https:\/\/www.eventlaborworks.com\/fr\/services\/","title":{"rendered":"Services"},"content":{"rendered":"<section class=\"wpb-content-wrapper\">[vc_row fullwidth=\u00a0\u00bbtrue\u00a0\u00bb][vc_column][mk_revslider id=\u00a0\u00bbhome\u00a0\u00bb][mk_padding_divider][\/vc_column][\/vc_row][vc_row][vc_column width=\u00a0\u00bb1\/12&Prime;][\/vc_column][vc_column width=\u00a0\u00bb10\/12&Prime;][vc_column_text css=\u00a0\u00bb.vc_custom_1580140800609{margin-bottom: 0px !important;}\u00a0\u00bb]\n<h3 style=\"text-align: center; margin-bottom: 25px;\">Event Labor Works comprend les d\u00e9fis propres \u00e0 l\u2019industrie de l\u2019\u00e9v\u00e9nement et nos \u00e9quipes locales et mobiles savent ce qu\u2019il faut pour r\u00e9aliser votre \u00e9v\u00e9nement en toute s\u00e9curit\u00e9, efficacement et dans les d\u00e9lais convenus. Nous pouvons compl\u00e9ter vos \u00e9quipes ou nous charger de votre projet comme si c\u2019\u00e9tait le n\u00f4tre.<\/h3>\n<ul>\n<li><strong>Installateurs d\u2019\u00e9v\u00e9nements g\u00e9n\u00e9raux<\/strong>: Nous pouvons vous aider avec vos besoins en main-d\u2019\u0153uvre. Nos installateurs peuvent travailler directement sous la supervision de votre chef de projet pour mener votre \u00e9v\u00e9nement \u00e0 terme.<\/li>\n<li><strong>Augmentation de main-d\u2019\u0153uvre qualifi\u00e9e<\/strong>: Votre propre personnel est-il trop occup\u00e9 ou manquez-vous de personnel en haute saison? Nos \u00e9quipes se sp\u00e9cialisent dans la compl\u00e9mentarisation ou l\u2019augmentation d&rsquo;entreprises de location lors d\u2019\u00e9v\u00e9nements de toutes tailles.<\/li>\n<li><strong>Marketing exp\u00e9rientiel<\/strong>: Aucun travail n\u2019est trop branch\u00e9 ou extravagant pour notre \u00e9quipe! Nos installateurs peuvent r\u00e9aliser tous vos designs, aussi originaux soient-ils, des boutiques \u00e9ph\u00e9m\u00e8res aux exp\u00e9riences interactives de mise en valeur de marques commerciales.<\/li>\n<li><strong>En tourn\u00e9e<\/strong>: Notre \u00e9quipe peut vous apporter une exp\u00e9rience pr\u00e9cieuse en gestion de projet, qu\u2019il s\u2019agisse d\u2019un seul endroit ou d\u2019un circuit de plusieurs villes. Nous pouvons vous recommander et vous procurer du mat\u00e9riel, aider \u00e0 la logistique d\u2019exp\u00e9dition et d\u00e9ployer nos installateurs mobiles pour donner vie \u00e0 votre exp\u00e9rience.<\/li>\n<li><strong>Secours aux sinistr\u00e9s<\/strong>: Nos installateurs qualifi\u00e9s ont une exp\u00e9rience directe d\u2019intervention dans des zones sinistr\u00e9es, notamment dans la construction d\u2019abris temporaires pour l\u2019aide aux victimes d\u2019ouragans.<\/li>\n<\/ul>\n[\/vc_column_text][vc_separator css=\u00a0\u00bb.vc_custom_1533824397796{padding-top: 30px !important;padding-bottom: 10px !important;}\u00a0\u00bb][\/vc_column][vc_column width=\u00a0\u00bb1\/12&Prime;][\/vc_column][\/vc_row][vc_row][vc_column visibility=\u00a0\u00bbhidden-sm\u00a0\u00bb width=\u00a0\u00bb1\/12&Prime;][\/vc_column][vc_column width=\u00a0\u00bb10\/12&Prime;][mk_fancy_title tag_name=\u00a0\u00bbh4&Prime; color=\u00a0\u00bb#222222&Prime; size=\u00a0\u00bb28&Prime; font_weight=\u00a0\u00bb900&Prime; margin_bottom=\u00a0\u00bb5&Prime; font_family=\u00a0\u00bbnone\u00a0\u00bb align=\u00a0\u00bbcenter\u00a0\u00bb]Comment pouvons-nous vous aider?[\/mk_fancy_title][vc_column_text css=\u00a0\u00bb.vc_custom_1536610471209{margin-bottom: 0px !important;}\u00a0\u00bb]\n<p style=\"text-align: center;\">Vous avez besoin d\u2019une main-d\u2019\u0153uvre qualifi\u00e9e ou g\u00e9n\u00e9rale pour votre \u00e9v\u00e9nement? Event Labor Works est l\u00e0 pour vous aider. Parlez-nous de votre \u00e9v\u00e9nement et de vos besoins, un de nos chefs de projet vous r\u00e9pondra.<\/p>\n[\/vc_column_text]\n<div class=\"wpcf7 no-js\" id=\"wpcf7-f311-o1\" lang=\"en-US\" dir=\"ltr\">\n<div class=\"screen-reader-response\"><p role=\"status\" aria-live=\"polite\" aria-atomic=\"true\"><\/p> <ul><\/ul><\/div>\n<form action=\"\/fr\/wp-json\/wp\/v2\/pages\/317#wpcf7-f311-o1\" method=\"post\" class=\"wpcf7-form init\" aria-label=\"Contact form\" novalidate=\"novalidate\" data-status=\"init\">\n<div style=\"display: none;\">\n<input type=\"hidden\" name=\"_wpcf7\" value=\"311\" \/>\n<input type=\"hidden\" name=\"_wpcf7_version\" value=\"5.7.6\" \/>\n<input type=\"hidden\" name=\"_wpcf7_locale\" value=\"en_US\" \/>\n<input type=\"hidden\" name=\"_wpcf7_unit_tag\" value=\"wpcf7-f311-o1\" \/>\n<input type=\"hidden\" name=\"_wpcf7_container_post\" value=\"0\" \/>\n<input type=\"hidden\" name=\"_wpcf7_posted_data_hash\" value=\"\" \/>\n<input type=\"hidden\" name=\"_wpcf7_recaptcha_response\" value=\"\" \/>\n<\/div>\n<p>&nbsp;\n<\/p>\n<p class=\"one-half\"><br \/>\nVotre nom* :<br \/>\n<span class=\"wpcf7-form-control-wrap\" data-name=\"full-name\"><input size=\"40\" class=\"wpcf7-form-control wpcf7-text wpcf7-validates-as-required\" aria-required=\"true\" aria-invalid=\"false\" placeholder=\"Votre nom\" value=\"\" type=\"text\" name=\"full-name\" \/><\/span>\n<\/p>\n<p class=\"one-half last\"><br \/>\nVotre courriel* :<br \/>\n<span class=\"wpcf7-form-control-wrap\" data-name=\"email-address\"><input size=\"40\" class=\"wpcf7-form-control wpcf7-text wpcf7-email wpcf7-validates-as-required wpcf7-validates-as-email\" aria-required=\"true\" aria-invalid=\"false\" placeholder=\"Votre courriel\" value=\"\" type=\"email\" name=\"email-address\" \/><\/span>\n<\/p>\n<p>Parlez-nous de votre projet* :<br \/>\n<span class=\"wpcf7-form-control-wrap\" data-name=\"message\"><textarea cols=\"40\" rows=\"3\" class=\"wpcf7-form-control wpcf7-textarea wpcf7-validates-as-required\" aria-required=\"true\" aria-invalid=\"false\" placeholder=\"Parlez-nous de votre projet\" name=\"message\"><\/textarea><\/span>\n<\/p>\n<span class=\"wpcf7-form-control-wrap recaptcha\" data-name=\"recaptcha\"><span data-sitekey=\"6LcnndMUAAAAAGNbGGE2BXs2VD14E2qrFekfcEBV\" class=\"wpcf7-form-control g-recaptcha wpcf7-recaptcha\"><\/span>\r\n<noscript>\r\n\t<div class=\"grecaptcha-noscript\">\r\n\t\t<iframe src=\"https:\/\/www.google.com\/recaptcha\/api\/fallback?k=6LcnndMUAAAAAGNbGGE2BXs2VD14E2qrFekfcEBV\" frameborder=\"0\" scrolling=\"no\" width=\"310\" height=\"430\">\r\n\t\t<\/iframe>\r\n\t\t<textarea name=\"g-recaptcha-response\" rows=\"3\" cols=\"40\" placeholder=\"reCaptcha Response Here\">\r\n\t\t<\/textarea>\r\n\t<\/div>\r\n<\/noscript>\r\n<\/span>\n<p><input class=\"wpcf7-form-control has-spinner wpcf7-submit\" type=\"submit\" value=\"SOUMETTRE \u00bb\" \/>\n<\/p><p style=\"display: none !important;\"><label>&#916;<textarea name=\"_wpcf7_ak_hp_textarea\" cols=\"45\" rows=\"8\" maxlength=\"100\"><\/textarea><\/label><input type=\"hidden\" id=\"ak_js_1\" name=\"_wpcf7_ak_js\" value=\"69\"\/><script>document.getElementById( \"ak_js_1\" ).setAttribute( \"value\", ( new Date() ).getTime() );<\/script><\/p><div class=\"wpcf7-response-output\" aria-hidden=\"true\"><\/div>\n<\/form>\n<\/div>\n[mk_padding_divider size=\u00a0\u00bb15&Prime;][\/vc_column][vc_column visibility=\u00a0\u00bbhidden-sm\u00a0\u00bb width=\u00a0\u00bb1\/12&Prime;][\/vc_column][\/vc_row]\n<\/section>","protected":false},"excerpt":{"rendered":"<p>[vc_row fullwidth=\u00a0\u00bbtrue\u00a0\u00bb][vc_column][mk_revslider id=\u00a0\u00bbhome\u00a0\u00bb][mk_padding_divider][\/vc_column][\/vc_row][vc_row][vc_column width=\u00a0\u00bb1\/12&Prime;][\/vc_column][vc_column width=\u00a0\u00bb10\/12&Prime;][vc_column_text css=\u00a0\u00bb.vc_custom_1580140800609{margin-bottom: 0px !important;}\u00a0\u00bb] Event Labor Works comprend les d\u00e9fis propres \u00e0 l\u2019industrie de l\u2019\u00e9v\u00e9nement et nos \u00e9quipes locales et mobiles savent ce qu\u2019il faut pour r\u00e9aliser votre \u00e9v\u00e9nement en toute s\u00e9curit\u00e9, efficacement et dans les d\u00e9lais convenus. Nous pouvons compl\u00e9ter vos \u00e9quipes ou nous charger de votre projet comme si [&hellip;]<\/p>\n","protected":false},"author":1,"featured_media":0,"parent":0,"menu_order":0,"comment_status":"closed","ping_status":"closed","template":"","meta":[],"yoast_head":"<!-- This site is optimized with the Yoast SEO plugin v20.5 - https:\/\/yoast.com\/wordpress\/plugins\/seo\/ -->\n<title>Services - Event Labor Works<\/title>\n<meta name=\"robots\" content=\"index, follow, max-snippet:-1, max-image-preview:large, max-video-preview:-1\" \/>\n<link rel=\"canonical\" href=\"https:\/\/www.eventlaborworks.com\/fr\/services\/\" \/>\n<meta property=\"og:locale\" content=\"fr_FR\" \/>\n<meta property=\"og:type\" content=\"article\" \/>\n<meta property=\"og:title\" content=\"Services - Event Labor Works\" \/>\n<meta property=\"og:description\" content=\"[vc_row fullwidth=\u00a0\u00bbtrue\u00a0\u00bb][vc_column][mk_revslider id=\u00a0\u00bbhome\u00a0\u00bb][mk_padding_divider][\/vc_column][\/vc_row][vc_row][vc_column width=\u00a0\u00bb1\/12&Prime;][\/vc_column][vc_column width=\u00a0\u00bb10\/12&Prime;][vc_column_text css=\u00a0\u00bb.vc_custom_1580140800609{margin-bottom: 0px !important;}\u00a0\u00bb] Event Labor Works comprend les d\u00e9fis propres \u00e0 l\u2019industrie de l\u2019\u00e9v\u00e9nement et nos \u00e9quipes locales et mobiles savent ce qu\u2019il faut pour r\u00e9aliser votre \u00e9v\u00e9nement en toute s\u00e9curit\u00e9, efficacement et dans les d\u00e9lais convenus. Nous pouvons compl\u00e9ter vos \u00e9quipes ou nous charger de votre projet comme si [&hellip;]\" \/>\n<meta property=\"og:url\" content=\"https:\/\/www.eventlaborworks.com\/fr\/services\/\" \/>\n<meta property=\"og:site_name\" content=\"Event Labor Works\" \/>\n<meta property=\"article:modified_time\" content=\"2020-01-27T16:00:29+00:00\" \/>\n<meta name=\"twitter:card\" content=\"summary_large_image\" \/>\n<meta name=\"twitter:label1\" content=\"Dur\u00e9e de lecture estim\u00e9e\" \/>\n\t<meta name=\"twitter:data1\" content=\"2 minutes\" \/>\n<script type=\"application\/ld+json\" class=\"yoast-schema-graph\">{\"@context\":\"https:\/\/schema.org\",\"@graph\":[{\"@type\":\"WebPage\",\"@id\":\"https:\/\/www.eventlaborworks.com\/fr\/services\/\",\"url\":\"https:\/\/www.eventlaborworks.com\/fr\/services\/\",\"name\":\"Services - Event Labor Works\",\"isPartOf\":{\"@id\":\"https:\/\/www.eventlaborworks.com\/#website\"},\"datePublished\":\"2018-09-10T20:14:59+00:00\",\"dateModified\":\"2020-01-27T16:00:29+00:00\",\"breadcrumb\":{\"@id\":\"https:\/\/www.eventlaborworks.com\/fr\/services\/#breadcrumb\"},\"inLanguage\":\"fr-FR\",\"potentialAction\":[{\"@type\":\"ReadAction\",\"target\":[\"https:\/\/www.eventlaborworks.com\/fr\/services\/\"]}]},{\"@type\":\"BreadcrumbList\",\"@id\":\"https:\/\/www.eventlaborworks.com\/fr\/services\/#breadcrumb\",\"itemListElement\":[{\"@type\":\"ListItem\",\"position\":1,\"name\":\"Home\",\"item\":\"https:\/\/www.eventlaborworks.com\/\"},{\"@type\":\"ListItem\",\"position\":2,\"name\":\"Services\"}]},{\"@type\":\"WebSite\",\"@id\":\"https:\/\/www.eventlaborworks.com\/#website\",\"url\":\"https:\/\/www.eventlaborworks.com\/\",\"name\":\"Event Labor Works\",\"description\":\"Labor and Event Staffing\",\"publisher\":{\"@id\":\"https:\/\/www.eventlaborworks.com\/#organization\"},\"potentialAction\":[{\"@type\":\"SearchAction\",\"target\":{\"@type\":\"EntryPoint\",\"urlTemplate\":\"https:\/\/www.eventlaborworks.com\/?s={search_term_string}\"},\"query-input\":\"required name=search_term_string\"}],\"inLanguage\":\"fr-FR\"},{\"@type\":\"Organization\",\"@id\":\"https:\/\/www.eventlaborworks.com\/#organization\",\"name\":\"Event Labor Works\",\"url\":\"https:\/\/www.eventlaborworks.com\/\",\"logo\":{\"@type\":\"ImageObject\",\"inLanguage\":\"fr-FR\",\"@id\":\"https:\/\/www.eventlaborworks.com\/#\/schema\/logo\/image\/\",\"url\":\"https:\/\/www.eventlaborworks.com\/wp-content\/uploads\/2018\/07\/logo.png\",\"contentUrl\":\"https:\/\/www.eventlaborworks.com\/wp-content\/uploads\/2018\/07\/logo.png\",\"width\":375,\"height\":150,\"caption\":\"Event Labor Works\"},\"image\":{\"@id\":\"https:\/\/www.eventlaborworks.com\/#\/schema\/logo\/image\/\"}}]}<\/script>\n<!-- \/ Yoast SEO plugin. -->","yoast_head_json":{"title":"Services - Event Labor Works","robots":{"index":"index","follow":"follow","max-snippet":"max-snippet:-1","max-image-preview":"max-image-preview:large","max-video-preview":"max-video-preview:-1"},"canonical":"https:\/\/www.eventlaborworks.com\/fr\/services\/","og_locale":"fr_FR","og_type":"article","og_title":"Services - Event Labor Works","og_description":"[vc_row fullwidth=\u00a0\u00bbtrue\u00a0\u00bb][vc_column][mk_revslider id=\u00a0\u00bbhome\u00a0\u00bb][mk_padding_divider][\/vc_column][\/vc_row][vc_row][vc_column width=\u00a0\u00bb1\/12&Prime;][\/vc_column][vc_column width=\u00a0\u00bb10\/12&Prime;][vc_column_text css=\u00a0\u00bb.vc_custom_1580140800609{margin-bottom: 0px !important;}\u00a0\u00bb] Event Labor Works comprend les d\u00e9fis propres \u00e0 l\u2019industrie de l\u2019\u00e9v\u00e9nement et nos \u00e9quipes locales et mobiles savent ce qu\u2019il faut pour r\u00e9aliser votre \u00e9v\u00e9nement en toute s\u00e9curit\u00e9, efficacement et dans les d\u00e9lais convenus. Nous pouvons compl\u00e9ter vos \u00e9quipes ou nous charger de votre projet comme si [&hellip;]","og_url":"https:\/\/www.eventlaborworks.com\/fr\/services\/","og_site_name":"Event Labor Works","article_modified_time":"2020-01-27T16:00:29+00:00","twitter_card":"summary_large_image","twitter_misc":{"Dur\u00e9e de lecture estim\u00e9e":"2 minutes"},"schema":{"@context":"https:\/\/schema.org","@graph":[{"@type":"WebPage","@id":"https:\/\/www.eventlaborworks.com\/fr\/services\/","url":"https:\/\/www.eventlaborworks.com\/fr\/services\/","name":"Services - Event Labor Works","isPartOf":{"@id":"https:\/\/www.eventlaborworks.com\/#website"},"datePublished":"2018-09-10T20:14:59+00:00","dateModified":"2020-01-27T16:00:29+00:00","breadcrumb":{"@id":"https:\/\/www.eventlaborworks.com\/fr\/services\/#breadcrumb"},"inLanguage":"fr-FR","potentialAction":[{"@type":"ReadAction","target":["https:\/\/www.eventlaborworks.com\/fr\/services\/"]}]},{"@type":"BreadcrumbList","@id":"https:\/\/www.eventlaborworks.com\/fr\/services\/#breadcrumb","itemListElement":[{"@type":"ListItem","position":1,"name":"Home","item":"https:\/\/www.eventlaborworks.com\/"},{"@type":"ListItem","position":2,"name":"Services"}]},{"@type":"WebSite","@id":"https:\/\/www.eventlaborworks.com\/#website","url":"https:\/\/www.eventlaborworks.com\/","name":"Event Labor Works","description":"Labor and Event Staffing","publisher":{"@id":"https:\/\/www.eventlaborworks.com\/#organization"},"potentialAction":[{"@type":"SearchAction","target":{"@type":"EntryPoint","urlTemplate":"https:\/\/www.eventlaborworks.com\/?s={search_term_string}"},"query-input":"required name=search_term_string"}],"inLanguage":"fr-FR"},{"@type":"Organization","@id":"https:\/\/www.eventlaborworks.com\/#organization","name":"Event Labor Works","url":"https:\/\/www.eventlaborworks.com\/","logo":{"@type":"ImageObject","inLanguage":"fr-FR","@id":"https:\/\/www.eventlaborworks.com\/#\/schema\/logo\/image\/","url":"https:\/\/www.eventlaborworks.com\/wp-content\/uploads\/2018\/07\/logo.png","contentUrl":"https:\/\/www.eventlaborworks.com\/wp-content\/uploads\/2018\/07\/logo.png","width":375,"height":150,"caption":"Event Labor Works"},"image":{"@id":"https:\/\/www.eventlaborworks.com\/#\/schema\/logo\/image\/"}}]}},"_links":{"self":[{"href":"https:\/\/www.eventlaborworks.com\/fr\/wp-json\/wp\/v2\/pages\/317"}],"collection":[{"href":"https:\/\/www.eventlaborworks.com\/fr\/wp-json\/wp\/v2\/pages"}],"about":[{"href":"https:\/\/www.eventlaborworks.com\/fr\/wp-json\/wp\/v2\/types\/page"}],"author":[{"embeddable":true,"href":"https:\/\/www.eventlaborworks.com\/fr\/wp-json\/wp\/v2\/users\/1"}],"replies":[{"embeddable":true,"href":"https:\/\/www.eventlaborworks.com\/fr\/wp-json\/wp\/v2\/comments?post=317"}],"version-history":[{"count":5,"href":"https:\/\/www.eventlaborworks.com\/fr\/wp-json\/wp\/v2\/pages\/317\/revisions"}],"predecessor-version":[{"id":364,"href":"https:\/\/www.eventlaborworks.com\/fr\/wp-json\/wp\/v2\/pages\/317\/revisions\/364"}],"wp:attachment":[{"href":"https:\/\/www.eventlaborworks.com\/fr\/wp-json\/wp\/v2\/media?parent=317"}],"curies":[{"name":"wp","href":"https:\/\/api.w.org\/{rel}","templated":true}]}}